{"id":265,"date":"2024-12-10T08:31:40","date_gmt":"2024-12-10T08:31:40","guid":{"rendered":"https:\/\/www.quviviq.ca\/login\/"},"modified":"2026-03-16T16:55:13","modified_gmt":"2026-03-16T16:55:13","slug":"login","status":"publish","type":"page","link":"https:\/\/www.quviviq.ca\/fr\/login\/","title":{"rendered":"Bienvenue \u00e0 QUVIVIQ"},"content":{"rendered":"\t\t<div data-elementor-type=\"wp-page\" data-elementor-id=\"265\" class=\"elementor elementor-265 elementor-183\" data-elementor-post-type=\"page\">\n\t\t\t\t<div class=\"elementor-element elementor-element-5b9a799 e-flex e-con-boxed e-con e-parent\" data-id=\"5b9a799\" data-element_type=\"container\" data-e-type=\"container\" data-settings=\"{&quot;jet_parallax_layout_list&quot;:[]}\">\n\t\t\t\t\t<div class=\"e-con-inner\">\n\t\t<div class=\"elementor-element elementor-element-ec3180c e-con-full e-flex e-con e-child\" data-id=\"ec3180c\" data-element_type=\"container\" data-e-type=\"container\" data-settings=\"{&quot;jet_parallax_layout_list&quot;:[]}\">\n\t\t<div class=\"elementor-element elementor-element-676f99e e-con-full e-flex e-con e-child\" data-id=\"676f99e\" data-element_type=\"container\" data-e-type=\"container\" data-settings=\"{&quot;jet_parallax_layout_list&quot;:[]}\">\n\t\t\t\t<div class=\"elementor-element elementor-element-0805f75 elementor-widget elementor-widget-jet-headline\" data-id=\"0805f75\" data-element_type=\"widget\" data-e-type=\"widget\" data-widget_type=\"jet-headline.default\">\n\t\t\t\t<div class=\"elementor-widget-container\">\n\t\t\t\t\t<h1 class=\"jet-headline jet-headline--direction-vertical\"><span class=\"jet-headline__part jet-headline__first\"><span class=\"jet-headline__label\">Bienvenue \u00e0<\/span><\/span><span class=\"jet-headline__part jet-headline__second\"><span class=\"jet-headline__label\"><sup class=\"sup-login-pr\">Pr<\/sup>QUVIVIQ<sup class=\"sup-r\">MD<\/sup><\/span><\/span><\/h1>\t\t\t\t<\/div>\n\t\t\t\t<\/div>\n\t\t\t\t<div class=\"elementor-element elementor-element-0ce3a43 elementor-widget__width-initial elementor-widget elementor-widget-text-editor\" data-id=\"0ce3a43\" data-element_type=\"widget\" data-e-type=\"widget\" data-widget_type=\"text-editor.default\">\n\t\t\t\t<div class=\"elementor-widget-container\">\n\t\t\t\t\t\t\t\t\t<p>Ce site Web est con\u00e7u pour les professionnels de sant\u00e9 au Canada.<\/p>\t\t\t\t\t\t\t\t<\/div>\n\t\t\t\t<\/div>\n\t\t\t\t<div class=\"elementor-element elementor-element-6c282eb elementor-widget__width-initial elementor-widget elementor-widget-text-editor\" data-id=\"6c282eb\" data-element_type=\"widget\" data-e-type=\"widget\" data-widget_type=\"text-editor.default\">\n\t\t\t\t<div class=\"elementor-widget-container\">\n\t\t\t\t\t\t\t\t\t<p>Acc\u00e9dez au site pour :<\/p>\t\t\t\t\t\t\t\t<\/div>\n\t\t\t\t<\/div>\n\t\t\t\t<div class=\"elementor-element elementor-element-4a270a2 elementor-widget__width-initial elementor-icon-list--layout-traditional elementor-list-item-link-full_width elementor-widget elementor-widget-icon-list\" data-id=\"4a270a2\" data-element_type=\"widget\" data-e-type=\"widget\" data-widget_type=\"icon-list.default\">\n\t\t\t\t<div class=\"elementor-widget-container\">\n\t\t\t\t\t\t\t<ul class=\"elementor-icon-list-items\">\n\t\t\t\t\t\t\t<li class=\"elementor-icon-list-item\">\n\t\t\t\t\t\t\t\t\t\t\t<span class=\"elementor-icon-list-icon\">\n\t\t\t\t\t\t\t<svg aria-hidden=\"true\" class=\"e-font-icon-svg e-fas-circle\" viewBox=\"0 0 512 512\" xmlns=\"http:\/\/www.w3.org\/2000\/svg\"><path d=\"M256 8C119 8 8 119 8 256s111 248 248 248 248-111 248-248S393 8 256 8z\"><\/path><\/svg>\t\t\t\t\t\t<\/span>\n\t\t\t\t\t\t\t\t\t\t<span class=\"elementor-icon-list-text\">En savoir plus sur QUVIVIQ<sup>MD<\/sup>. Vous y trouverez des renseignements posologiques, des r\u00e9sultats d\u2019essais cliniques, des exemples de profils de patients et plus encore.<\/span>\n\t\t\t\t\t\t\t\t\t<\/li>\n\t\t\t\t\t\t\t\t<li class=\"elementor-icon-list-item\">\n\t\t\t\t\t\t\t\t\t\t\t<span class=\"elementor-icon-list-icon\">\n\t\t\t\t\t\t\t<svg aria-hidden=\"true\" class=\"e-font-icon-svg e-fas-circle\" viewBox=\"0 0 512 512\" xmlns=\"http:\/\/www.w3.org\/2000\/svg\"><path d=\"M256 8C119 8 8 119 8 256s111 248 248 248 248-111 248-248S393 8 256 8z\"><\/path><\/svg>\t\t\t\t\t\t<\/span>\n\t\t\t\t\t\t\t\t\t\t<span class=\"elementor-icon-list-text\">Demandez des \u00e9chantillons<\/span>\n\t\t\t\t\t\t\t\t\t<\/li>\n\t\t\t\t\t\t\t\t<li class=\"elementor-icon-list-item\">\n\t\t\t\t\t\t\t\t\t\t\t<span class=\"elementor-icon-list-icon\">\n\t\t\t\t\t\t\t<svg aria-hidden=\"true\" class=\"e-font-icon-svg e-fas-circle\" viewBox=\"0 0 512 512\" xmlns=\"http:\/\/www.w3.org\/2000\/svg\"><path d=\"M256 8C119 8 8 119 8 256s111 248 248 248 248-111 248-248S393 8 256 8z\"><\/path><\/svg>\t\t\t\t\t\t<\/span>\n\t\t\t\t\t\t\t\t\t\t<span class=\"elementor-icon-list-text\">T\u00e9l\u00e9chargez des ressources destin\u00e9es aux patients<\/span>\n\t\t\t\t\t\t\t\t\t<\/li>\n\t\t\t\t\t\t<\/ul>\n\t\t\t\t\t\t<\/div>\n\t\t\t\t<\/div>\n\t\t\t\t<\/div>\n\t\t\t\t<\/div>\n\t\t<div class=\"elementor-element elementor-element-7edbff9 e-con-full e-flex e-con e-child\" data-id=\"7edbff9\" data-element_type=\"container\" data-e-type=\"container\" data-settings=\"{&quot;background_background&quot;:&quot;classic&quot;,&quot;jet_parallax_layout_list&quot;:[]}\">\n\t\t<div class=\"elementor-element elementor-element-4fe0ea1 e-con-full e-flex e-con e-child\" data-id=\"4fe0ea1\" data-element_type=\"container\" data-e-type=\"container\" data-settings=\"{&quot;jet_parallax_layout_list&quot;:[]}\">\n\t\t\t\t<div class=\"elementor-element elementor-element-166a6de elementor-widget elementor-widget-shortcode\" data-id=\"166a6de\" data-element_type=\"widget\" data-e-type=\"widget\" data-widget_type=\"shortcode.default\">\n\t\t\t\t<div class=\"elementor-widget-container\">\n\t\t\t\t\t    <style>\n                #error-invalid {\n            display: none;\n        }\n\n                \n    <\/style>\n    <div class=\"idorsia-auth-canada-container\">\n\n        <div class=\"idorsia-auth-canada-step-init\">\n\n            <script>\n                function onSubmit() {\n                    jQuery(\"#idorsia-auth-canada-btn-submit\").prop(\"disabled\", true).text('Chargement\u2026');\n                }\n            <\/script>\n            <form class=\"idorsia-auth-canada-form\" method=\"post\" id=\"idorsiaRegistrationForm\" onsubmit=\"onSubmit()\">\n                <input type=\"hidden\" value=\"\/\" name=\"idorsia-auth-canada-ref\"\n                       id=\"idorsia-auth-canada-ref\">\n\n\n                <div class=\"idorsia-auth-canada-form-group\">\n                    <label class=\"idorsia-auth-canada-form-label\"\n                           for=\"idorsiaRegistrationProvince\">Professionnel de la sant\u00e9                        <span>*<\/span>\n                    <\/label>\n                    <div class=\"idorsia-auth-canada-select-wrapper\">\n                        <select class=\"idorsia-auth-canada-form-select form-control\" id=\"idorsiaRegistrationProvince\"\n                                required>\n                            <option value=\"\"\n                                    selected>Veuillez s\u00e9lectionner<\/option>\n                                                            <option value=\"Physician\">M\u00e9decin<\/option>\n                                                            <option value=\"Nurse\">Infirmier\/Infirmi\u00e8re<\/option>\n                                                            <option value=\"Pharmacist\">Pharmacien\/Pharmacienne<\/option>\n                                                            <option value=\"Other Healthcare Professional\">Autre professionnel de la sant\u00e9<\/option>\n                                                    <\/select>\n                    <\/div>\n                <\/div>\n                <div class=\"idorsia-auth-canada-form-group\">\n                    <label class=\"idorsia-auth-canada-form-label\"\n                           for=\"idorsiaRegistrationProvince\">Province\/territoire                        <span>*<\/span>\n                    <\/label>\n                    <div class=\"idorsia-auth-canada-select-wrapper\">\n                        <select class=\"idorsia-auth-canada-form-select form-control\" id=\"idorsiaRegistrationProvince\"\n                                required>\n                            <option value=\"\"\n                                    selected>Veuillez s\u00e9lectionner<\/option>\n                                                            <option value=\"Nova Scotia\">Nouvelle-\u00c9cosse<\/option>\n                                                            <option value=\"Newfoundland\">Terre-Neuve<\/option>\n                                                            <option value=\"New Brunswick\">Nouveau-Brunswick<\/option>\n                                                            <option value=\"Quebec\">Qu\u00e9bec<\/option>\n                                                            <option value=\"Ontario\">Ontario<\/option>\n                                                            <option value=\"Manitoba\">Manitoba<\/option>\n                                                            <option value=\"Sask\">Saskatchewan<\/option>\n                                                            <option value=\"Alberta\">Alberta<\/option>\n                                                            <option value=\"British Columbia\">Colombie-Britannique<\/option>\n                                                            <option value=\"Yukon\">Yukon<\/option>\n                                                    <\/select>\n                    <\/div>\n                <\/div>\n                <div class=\"idorsia-auth-canada-form-group\">\n                    <label class=\"idorsia-auth-canada-form-label\"\n                           for=\"idorsiaRegistration\">Num\u00e9ro de licence                        <span>*<\/span><\/label>\n\n                    <input type=\"text\" class=\"form-control\" id=\"idorsiaRegistration\" minlength=\"4\"\n                           required\n                           placeholder=\"Num\u00e9ro de licence\"\n                           name=\"idorsia-auth-canada-registration\">\n\n                <\/div>\n\n                <div class=\"idorsia-auth-canada-btn-container\">\n                    <button type=\"submit\" class=\"idorsia-auth-canada-btn idorsia-auth-canada-btn-primary\"\n                            id=\"idorsia-auth-canada-btn-submit\">\n                        Saisir                    <\/button>\n                <\/div>\n                <div class=\"idorsia-auth-canada-mandatory-container\">\n                    <span>*<\/span> Champs obligatoires                <\/div>\n            <\/form>\n\n        <\/div>\n\n\n    <\/div>\n    \t\t<div class=\"elementor-shortcode\"><\/div>\n\t\t\t\t\t\t<\/div>\n\t\t\t\t<\/div>\n\t\t\t\t<\/div>\n\t\t<div class=\"elementor-element elementor-element-7336463 e-con-full elementor-hidden-desktop elementor-hidden-tablet elementor-hidden-mobile e-flex e-con e-child\" data-id=\"7336463\" data-element_type=\"container\" data-e-type=\"container\" id=\"error-format\" data-settings=\"{&quot;jet_parallax_layout_list&quot;:[]}\">\n\t\t\t\t<div class=\"elementor-element elementor-element-86b7a1a elementor-widget__width-initial elementor-widget elementor-widget-text-editor\" data-id=\"86b7a1a\" data-element_type=\"widget\" data-e-type=\"widget\" data-widget_type=\"text-editor.default\">\n\t\t\t\t<div class=\"elementor-widget-container\">\n\t\t\t\t\t\t\t\t\t<p><strong>Num\u00e9ro de licence invalide <\/strong><br \/>Nous n&rsquo;avons pas pu valider votre num\u00e9ro de licence. Veuillez v\u00e9rifier le num\u00e9ro que vous avez saisi et r\u00e9essayer.<\/p>\t\t\t\t\t\t\t\t<\/div>\n\t\t\t\t<\/div>\n\t\t\t\t<\/div>\n\t\t<div class=\"elementor-element elementor-element-724206f e-con-full e-flex e-con e-child\" data-id=\"724206f\" data-element_type=\"container\" data-e-type=\"container\" id=\"error-invalid\" data-settings=\"{&quot;jet_parallax_layout_list&quot;:[]}\">\n\t\t\t\t<div class=\"elementor-element elementor-element-f566dfb elementor-widget__width-initial elementor-widget elementor-widget-text-editor\" data-id=\"f566dfb\" data-element_type=\"widget\" data-e-type=\"widget\" data-widget_type=\"text-editor.default\">\n\t\t\t\t<div class=\"elementor-widget-container\">\n\t\t\t\t\t\t\t\t\t<p><strong>Num\u00e9ro de licence invalide<\/strong> <br \/>Nous n&rsquo;avons pas pu valider votre num\u00e9ro de licence. Veuillez v\u00e9rifier le num\u00e9ro que vous avez saisi et r\u00e9essayer.<\/p>\t\t\t\t\t\t\t\t<\/div>\n\t\t\t\t<\/div>\n\t\t\t\t<\/div>\n\t\t\t\t<\/div>\n\t\t\t\t\t<\/div>\n\t\t\t\t<\/div>\n\t\t\t\t<\/div>\n\t\t","protected":false},"excerpt":{"rendered":"<p>Bienvenue \u00e0PrQUVIVIQMD Ce site Web est con\u00e7u pour les professionnels de sant\u00e9 au Canada. Acc\u00e9dez au site pour : En savoir plus sur QUVIVIQMD. Vous y trouverez des renseignements posologiques, des r\u00e9sultats d\u2019essais cliniques, des exemples de profils de patients et plus encore. Demandez des \u00e9chantillons T\u00e9l\u00e9chargez des ressources destin\u00e9es aux patients Num\u00e9ro de licence [&hellip;]<\/p>\n","protected":false},"author":8,"featured_media":0,"parent":0,"menu_order":0,"comment_status":"closed","ping_status":"closed","template":"","meta":{"is-auth-required":"","footnotes":""},"class_list":["post-265","page","type-page","status-publish","hentry"],"_links":{"self":[{"href":"https:\/\/www.quviviq.ca\/fr\/wp-json\/wp\/v2\/pages\/265","targetHints":{"allow":["GET"]}}],"collection":[{"href":"https:\/\/www.quviviq.ca\/fr\/wp-json\/wp\/v2\/pages"}],"about":[{"href":"https:\/\/www.quviviq.ca\/fr\/wp-json\/wp\/v2\/types\/page"}],"author":[{"embeddable":true,"href":"https:\/\/www.quviviq.ca\/fr\/wp-json\/wp\/v2\/users\/8"}],"replies":[{"embeddable":true,"href":"https:\/\/www.quviviq.ca\/fr\/wp-json\/wp\/v2\/comments?post=265"}],"version-history":[{"count":0,"href":"https:\/\/www.quviviq.ca\/fr\/wp-json\/wp\/v2\/pages\/265\/revisions"}],"wp:attachment":[{"href":"https:\/\/www.quviviq.ca\/fr\/wp-json\/wp\/v2\/media?parent=265"}],"curies":[{"name":"wp","href":"https:\/\/api.w.org\/{rel}","templated":true}]}}